{"id":324,"date":"2019-02-12T01:29:05","date_gmt":"2019-02-12T01:29:05","guid":{"rendered":"https:\/\/elearning-mageco-conseils.com\/index.php\/my-account\/"},"modified":"2022-02-28T20:20:04","modified_gmt":"2022-02-28T15:50:04","slug":"my-account","status":"publish","type":"page","link":"https:\/\/elearning-mageco-conseils.com\/index.php\/my-account\/","title":{"rendered":"My Account"},"content":{"rendered":"\t\t<div data-elementor-type=\"wp-post\" data-elementor-id=\"324\" class=\"elementor elementor-324\" data-elementor-settings=\"[]\">\n\t\t\t\t\t\t\t<div class=\"elementor-section-wrap\">\n\t\t\t\t\t\t\t<section class=\"elementor-section elementor-top-section elementor-element elementor-element-32cc8b1e elementor-section-boxed elementor-section-height-default elementor-section-height-default\" data-id=\"32cc8b1e\" data-element_type=\"section\" data-settings=\"{&quot;background_background&quot;:&quot;gradient&quot;}\">\n\t\t\t\t\t\t<div class=\"elementor-container elementor-column-gap-default\">\n\t\t\t\t\t<div class=\"elementor-column elementor-col-100 elementor-top-column elementor-element elementor-element-207fde47\" data-id=\"207fde47\" data-element_type=\"column\">\n\t\t\t<div class=\"elementor-widget-wrap elementor-element-populated\">\n\t\t\t\t\t\t\t\t<div class=\"elementor-element elementor-element-bf92015 elementor-position-top elementor-vertical-align-top elementor-widget elementor-widget-image-box\" data-id=\"bf92015\" data-element_type=\"widget\" data-widget_type=\"image-box.default\">\n\t\t\t\t<div class=\"elementor-widget-container\">\n\t\t\t<style>\/*! elementor - v3.5.5 - 03-02-2022 *\/\n.elementor-widget-image-box .elementor-image-box-content{width:100%}@media (min-width:768px){.elementor-widget-image-box.elementor-position-left .elementor-image-box-wrapper,.elementor-widget-image-box.elementor-position-right .elementor-image-box-wrapper{display:-webkit-box;display:-ms-flexbox;display:flex}.elementor-widget-image-box.elementor-position-right .elementor-image-box-wrapper{text-align:right;-webkit-box-orient:horizontal;-webkit-box-direction:reverse;-ms-flex-direction:row-reverse;flex-direction:row-reverse}.elementor-widget-image-box.elementor-position-left .elementor-image-box-wrapper{text-align:left;-webkit-box-orient:horizontal;-webkit-box-direction:normal;-ms-flex-direction:row;flex-direction:row}.elementor-widget-image-box.elementor-position-top .elementor-image-box-img{margin:auto}.elementor-widget-image-box.elementor-vertical-align-top .elementor-image-box-wrapper{-webkit-box-align:start;-ms-flex-align:start;align-items:flex-start}.elementor-widget-image-box.elementor-vertical-align-middle .elementor-image-box-wrapper{-webkit-box-align:center;-ms-flex-align:center;align-items:center}.elementor-widget-image-box.elementor-vertical-align-bottom .elementor-image-box-wrapper{-webkit-box-align:end;-ms-flex-align:end;align-items:flex-end}}@media (max-width:767px){.elementor-widget-image-box .elementor-image-box-img{margin-left:auto!important;margin-right:auto!important;margin-bottom:15px}}.elementor-widget-image-box .elementor-image-box-img{display:inline-block}.elementor-widget-image-box .elementor-image-box-title a{color:inherit}.elementor-widget-image-box .elementor-image-box-wrapper{text-align:center}.elementor-widget-image-box .elementor-image-box-description{margin:0}<\/style><div class=\"elementor-image-box-wrapper\"><div class=\"elementor-image-box-content\"><h1 class=\"elementor-image-box-title\">Mon compte<\/h1><p class=\"elementor-image-box-description\">Espace personnalis\u00e9<\/p><\/div><\/div>\t\t<\/div>\n\t\t\t\t<\/div>\n\t\t\t\t\t<\/div>\n\t\t<\/div>\n\t\t\t\t\t\t\t<\/div>\n\t\t<\/section>\n\t\t\t\t<section class=\"elementor-section elementor-top-section elementor-element elementor-element-e6d3c76 elementor-section-content-middle elementor-section-boxed elementor-section-height-default elementor-section-height-default\" data-id=\"e6d3c76\" data-element_type=\"section\" data-settings=\"{&quot;shape_divider_bottom&quot;:&quot;waves&quot;}\">\n\t\t\t\t\t<div class=\"elementor-shape elementor-shape-bottom\" data-negative=\"false\">\n\t\t\t<svg xmlns=\"http:\/\/www.w3.org\/2000\/svg\" viewBox=\"0 0 1000 100\" preserveAspectRatio=\"none\">\n\t<path class=\"elementor-shape-fill\" d=\"M421.9,6.5c22.6-2.5,51.5,0.4,75.5,5.3c23.6,4.9,70.9,23.5,100.5,35.7c75.8,32.2,133.7,44.5,192.6,49.7\n\tc23.6,2.1,48.7,3.5,103.4-2.5c54.7-6,106.2-25.6,106.2-25.6V0H0v30.3c0,0,72,32.6,158.4,30.5c39.2-0.7,92.8-6.7,134-22.4\n\tc21.2-8.1,52.2-18.2,79.7-24.2C399.3,7.9,411.6,7.5,421.9,6.5z\"\/>\n<\/svg>\t\t<\/div>\n\t\t\t\t\t<div class=\"elementor-container elementor-column-gap-default\">\n\t\t\t\t\t<div class=\"elementor-column elementor-col-100 elementor-top-column elementor-element elementor-element-681449d5\" data-id=\"681449d5\" data-element_type=\"column\">\n\t\t\t<div class=\"elementor-widget-wrap elementor-element-populated\">\n\t\t\t\t\t\t\t\t<div class=\"elementor-element elementor-element-1726973e elementor-widget elementor-widget-shortcode\" data-id=\"1726973e\" data-element_type=\"widget\" data-widget_type=\"shortcode.default\">\n\t\t\t\t<div class=\"elementor-widget-container\">\n\t\t\t\t\t<div class=\"elementor-shortcode\"><\/div>\n\t\t\t\t<\/div>\n\t\t\t\t<\/div>\n\t\t\t\t<div class=\"elementor-element elementor-element-d7b674a elementor-widget elementor-widget-shortcode\" data-id=\"d7b674a\" data-element_type=\"widget\" data-widget_type=\"shortcode.default\">\n\t\t\t\t<div class=\"elementor-widget-container\">\n\t\t\t\t\t<div class=\"elementor-shortcode\"><div class=\"learndash-wrapper\"><a class=\"ld-login ld-login ld-login-text ld-login-button ld-button\" href=\"#login\"><span class=\"ld-icon ld-icon-login ld-icon-left\"><\/span>Connexion<\/a><\/div><\/div>\n\t\t\t\t<\/div>\n\t\t\t\t<\/div>\n\t\t\t\t\t<\/div>\n\t\t<\/div>\n\t\t\t\t\t\t\t<\/div>\n\t\t<\/section>\n\t\t\t\t<section class=\"elementor-section elementor-top-section elementor-element elementor-element-715ce554 elementor-section-boxed elementor-section-height-default elementor-section-height-default\" data-id=\"715ce554\" data-element_type=\"section\" data-settings=\"{&quot;background_background&quot;:&quot;classic&quot;}\">\n\t\t\t\t\t\t<div class=\"elementor-container elementor-column-gap-default\">\n\t\t\t\t\t<div class=\"elementor-column elementor-col-100 elementor-top-column elementor-element elementor-element-29407310\" data-id=\"29407310\" data-element_type=\"column\">\n\t\t\t<div class=\"elementor-widget-wrap elementor-element-populated\">\n\t\t\t\t\t\t\t\t<div class=\"elementor-element elementor-element-d5fd795 elementor-widget elementor-widget-heading\" data-id=\"d5fd795\" data-element_type=\"widget\" data-widget_type=\"heading.default\">\n\t\t\t\t<div class=\"elementor-widget-container\">\n\t\t\t<style>\/*! elementor - v3.5.5 - 03-02-2022 *\/\n.elementor-heading-title{padding:0;margin:0;line-height:1}.elementor-widget-heading .elementor-heading-title[class*=elementor-size-]>a{color:inherit;font-size:inherit;line-height:inherit}.elementor-widget-heading .elementor-heading-title.elementor-size-small{font-size:15px}.elementor-widget-heading .elementor-heading-title.elementor-size-medium{font-size:19px}.elementor-widget-heading .elementor-heading-title.elementor-size-large{font-size:29px}.elementor-widget-heading .elementor-heading-title.elementor-size-xl{font-size:39px}.elementor-widget-heading .elementor-heading-title.elementor-size-xxl{font-size:59px}<\/style><h2 class=\"elementor-heading-title elementor-size-default\">Nos cours les plus appr\u00e9ci\u00e9s<\/h2>\t\t<\/div>\n\t\t\t\t<\/div>\n\t\t\t\t<div class=\"elementor-element elementor-element-27ccdd0e elementor-widget elementor-widget-shortcode\" data-id=\"27ccdd0e\" data-element_type=\"widget\" data-widget_type=\"shortcode.default\">\n\t\t\t\t<div class=\"elementor-widget-container\">\n\t\t\t\t\t<div class=\"elementor-shortcode\"><div id=\"ld-course-list-content-2064e2db5bf8930c45be50235365e12c\" class=\"ld-course-list-content\" data-shortcode-atts=\"{&quot;categoryselector&quot;:&quot;true&quot;,&quot;progress_bar&quot;:&quot;true&quot;,&quot;order&quot;:&quot;asc&quot;,&quot;col&quot;:&quot;3&quot;}\">\n\t\t\t<div class=\"ld-course-list-items row\">\n\t<!-- LearnDash Course Grid v1 --><div class=\"ld_course_grid col-sm-8 col-md-4 \">\n\t<article id=\"post-25307\" class=\" learndash-not-available learndash-incomplete thumbnail course post-25307 sfwd-courses type-sfwd-courses status-publish has-post-thumbnail hentry ld_course_category-bilan-de-competences\">\n\t\t\t\t\t\t\t\t<div class=\"ld_course_grid_price custom\">\n\t\t\t\t990\u20ac seulement !\t\t\t<\/div>\n\t\t\t\n\t\t\t\t\t\t<a href=\"https:\/\/elearning-mageco-conseils.com\/index.php\/courses\/bilan-de-competences-demandeur-emploi\/\" rel=\"bookmark\">\n\t\t\t\t<img loading=\"lazy\" decoding=\"async\" width=\"1024\" height=\"570\" src=\"https:\/\/elearning-mageco-conseils.com\/wp-content\/uploads\/2022\/02\/bilan-de-compe\u0301tences-demandeur-emploi.jpg\" class=\"attachment-course-thumb size-course-thumb wp-post-image\" alt=\"Bilan de comp\u00e9tences demandeur d&#039;emploi\" srcset=\"https:\/\/elearning-mageco-conseils.com\/wp-content\/uploads\/2022\/02\/bilan-de-compe\u0301tences-demandeur-emploi.jpg 1024w, https:\/\/elearning-mageco-conseils.com\/wp-content\/uploads\/2022\/02\/bilan-de-compe\u0301tences-demandeur-emploi-300x167.jpg 300w, https:\/\/elearning-mageco-conseils.com\/wp-content\/uploads\/2022\/02\/bilan-de-compe\u0301tences-demandeur-emploi-768x428.jpg 768w, https:\/\/elearning-mageco-conseils.com\/wp-content\/uploads\/2022\/02\/bilan-de-compe\u0301tences-demandeur-emploi-600x334.jpg 600w\" sizes=\"auto, (max-width: 1024px) 100vw, 1024px\" \/>\t\t\t<\/a>\n\t\t\t\t\t\n\t\t\t\t\t<div class=\"caption\">\n\t\t\t\t<h3 class=\"entry-title\">Bilan Next Level &#8211; Demandeur d&#8217;emploi (16h)<\/h3>\n\t\t\t\t\t\t\t\t<div class=\"entry-content\">Demandeurs d\u2019emploi, ce bilan de comp\u00e9tences a sp\u00e9cialement \u00e9t\u00e9 con\u00e7u pour vous et pour r\u00e9pondre \u00e0 vos besoins sp\u00e9cifiques.<\/div>\n\t\t\t\t\t\t\t\t<div class=\"ld_course_grid_button\"><a class=\"btn btn-primary\" role=\"button\" href=\"https:\/\/elearning-mageco-conseils.com\/index.php\/courses\/bilan-de-competences-demandeur-emploi\/\" rel=\"bookmark\">D\u00e9couvrir<\/a><\/div>\n\t\t\t\t\t\t\t\t\t\t\t\t\t\t\t\t\t\t\t\t\t\t\t\t\t\t\t<\/div><!-- .entry-header -->\n\t\t\t<\/article><!-- #post-## -->\n<\/div><!-- .ld_course_grid -->\n<!-- LearnDash Course Grid v1 --><div class=\"ld_course_grid col-sm-8 col-md-4 \">\n\t<article id=\"post-26481\" class=\" learndash-not-available learndash-incomplete thumbnail course post-26481 sfwd-courses type-sfwd-courses status-publish has-post-thumbnail hentry ld_course_category-bilan-de-competences\">\n\t\t\t\t\t\t\t\t<div class=\"ld_course_grid_price custom\">\n\t\t\t\t1790\u20ac\t\t\t<\/div>\n\t\t\t\n\t\t\t\t\t\t<a href=\"https:\/\/elearning-mageco-conseils.com\/index.php\/courses\/bilan-de-competences-soft-skills-24h\/\" rel=\"bookmark\">\n\t\t\t\t<img loading=\"lazy\" decoding=\"async\" width=\"1080\" height=\"721\" src=\"https:\/\/elearning-mageco-conseils.com\/wp-content\/uploads\/2022\/04\/bilan-de-competences.jpg\" class=\"attachment-course-thumb size-course-thumb wp-post-image\" alt=\"Bilan de comp\u00e9tences Soft Skills 24h\" srcset=\"https:\/\/elearning-mageco-conseils.com\/wp-content\/uploads\/2022\/04\/bilan-de-competences.jpg 1080w, https:\/\/elearning-mageco-conseils.com\/wp-content\/uploads\/2022\/04\/bilan-de-competences-300x200.jpg 300w, https:\/\/elearning-mageco-conseils.com\/wp-content\/uploads\/2022\/04\/bilan-de-competences-1024x684.jpg 1024w, https:\/\/elearning-mageco-conseils.com\/wp-content\/uploads\/2022\/04\/bilan-de-competences-768x513.jpg 768w, https:\/\/elearning-mageco-conseils.com\/wp-content\/uploads\/2022\/04\/bilan-de-competences-600x401.jpg 600w\" sizes=\"auto, (max-width: 1080px) 100vw, 1080px\" \/>\t\t\t<\/a>\n\t\t\t\t\t\n\t\t\t\t\t<div class=\"caption\">\n\t\t\t\t<h3 class=\"entry-title\">Bilan de Compet&#8217;\u2013 avec l\u2019outil ProcessCom\u00ae (24h)<\/h3>\n\t\t\t\t\t\t\t\t<div class=\"entry-content\">Faites le point sur votre carri\u00e8re, choisissez une nouvelle voie, orientez-vous vers ce qui vous passionne et bien plus encore.<\/div>\n\t\t\t\t\t\t\t\t<div class=\"ld_course_grid_button\"><a class=\"btn btn-primary\" role=\"button\" href=\"https:\/\/elearning-mageco-conseils.com\/index.php\/courses\/bilan-de-competences-soft-skills-24h\/\" rel=\"bookmark\">D\u00e9couvrir<\/a><\/div>\n\t\t\t\t\t\t\t\t\t\t\t\t\t\t\t\t\t\t\t\t\t\t\t\t\t\t\t<\/div><!-- .entry-header -->\n\t\t\t<\/article><!-- #post-## -->\n<\/div><!-- .ld_course_grid -->\n<!-- LearnDash Course Grid v1 --><div class=\"ld_course_grid col-sm-8 col-md-4 \">\n\t<article id=\"post-27565\" class=\" learndash-not-available learndash-incomplete thumbnail course post-27565 sfwd-courses type-sfwd-courses status-publish has-post-thumbnail hentry ld_course_category-formations-en-ligne\">\n\t\t\t\t\t\t\t\t<div class=\"ld_course_grid_price custom\">\n\t\t\t\t250 \u20ac\t\t\t<\/div>\n\t\t\t\n\t\t\t\t\t\t<a href=\"https:\/\/elearning-mageco-conseils.com\/index.php\/courses\/maitrisez-sa-mission-de-tuteur-maitre-dapprentissage\/\" rel=\"bookmark\">\n\t\t\t\t<img loading=\"lazy\" decoding=\"async\" width=\"2560\" height=\"1707\" src=\"https:\/\/elearning-mageco-conseils.com\/wp-content\/uploads\/2022\/12\/instructor-checking-student-work-in-library-scaled.jpg\" class=\"attachment-course-thumb size-course-thumb wp-post-image\" alt=\"Ma\u00eetriser sa fonction de tuteur \/ ma\u00eetre d&#039;apprentissage avec la formation e-learning\" srcset=\"https:\/\/elearning-mageco-conseils.com\/wp-content\/uploads\/2022\/12\/instructor-checking-student-work-in-library-scaled.jpg 2560w, https:\/\/elearning-mageco-conseils.com\/wp-content\/uploads\/2022\/12\/instructor-checking-student-work-in-library-300x200.jpg 300w, https:\/\/elearning-mageco-conseils.com\/wp-content\/uploads\/2022\/12\/instructor-checking-student-work-in-library-1024x683.jpg 1024w, https:\/\/elearning-mageco-conseils.com\/wp-content\/uploads\/2022\/12\/instructor-checking-student-work-in-library-768x512.jpg 768w, https:\/\/elearning-mageco-conseils.com\/wp-content\/uploads\/2022\/12\/instructor-checking-student-work-in-library-1536x1024.jpg 1536w, https:\/\/elearning-mageco-conseils.com\/wp-content\/uploads\/2022\/12\/instructor-checking-student-work-in-library-2048x1365.jpg 2048w, https:\/\/elearning-mageco-conseils.com\/wp-content\/uploads\/2022\/12\/instructor-checking-student-work-in-library-1320x880.jpg 1320w, https:\/\/elearning-mageco-conseils.com\/wp-content\/uploads\/2022\/12\/instructor-checking-student-work-in-library-600x400.jpg 600w\" sizes=\"auto, (max-width: 2560px) 100vw, 2560px\" \/>\t\t\t<\/a>\n\t\t\t\t\t\n\t\t\t\t\t<div class=\"caption\">\n\t\t\t\t<h3 class=\"entry-title\">Maitrisez sa mission de tuteur \/ ma\u00eetre d&#8217;apprentissage<\/h3>\n\t\t\t\t\t\t\t\t<div class=\"entry-content\">Devenez un\u00b7e meilleur\u00b7e tuteur\u00b7trice gr\u00e2ce \u00e0 notre formation 100% en ligne !<\/div>\n\t\t\t\t\t\t\t\t<div class=\"ld_course_grid_button\"><a class=\"btn btn-primary\" role=\"button\" href=\"https:\/\/elearning-mageco-conseils.com\/index.php\/courses\/maitrisez-sa-mission-de-tuteur-maitre-dapprentissage\/\" rel=\"bookmark\">D\u00e9couvrir<\/a><\/div>\n\t\t\t\t\t\t\t\t\t\t\t\t\t\t\t\t\t\t\t\t\t\t\t\t\t\t\t<\/div><!-- .entry-header -->\n\t\t\t<\/article><!-- #post-## -->\n<\/div><!-- .ld_course_grid -->\n\t<\/div>\n\t\t\t<\/div>\n\t\t<\/div>\n\t\t\t\t<\/div>\n\t\t\t\t<\/div>\n\t\t\t\t\t<\/div>\n\t\t<\/div>\n\t\t\t\t\t\t\t<\/div>\n\t\t<\/section>\n\t\t\t\t\t\t<\/div>\n\t\t\t\t\t<\/div>\n\t\t","protected":false},"excerpt":{"rendered":"<p>Mon compte Espace personnalis\u00e9 Nos cours les plus appr\u00e9ci\u00e9s<\/p>\n","protected":false},"author":1,"featured_media":0,"parent":0,"menu_order":0,"comment_status":"closed","ping_status":"closed","template":"","meta":{"site-sidebar-layout":"no-sidebar","site-content-layout":"page-builder","ast-main-header-display":"","ast-hfb-above-header-display":"","ast-hfb-below-header-display":"","ast-hfb-mobile-header-display":"","site-post-title":"disabled","ast-breadcrumbs-content":"","ast-featured-img":"disabled","footer-sml-layout":"","theme-transparent-header-meta":"enabled","adv-header-id-meta":"","stick-header-meta":"","header-above-stick-meta":"","header-main-stick-meta":"","header-below-stick-meta":"","spay_email":"","footnotes":""},"class_list":["post-324","page","type-page","status-publish","hentry"],"_links":{"self":[{"href":"https:\/\/elearning-mageco-conseils.com\/index.php\/wp-json\/wp\/v2\/pages\/324","targetHints":{"allow":["GET"]}}],"collection":[{"href":"https:\/\/elearning-mageco-conseils.com\/index.php\/wp-json\/wp\/v2\/pages"}],"about":[{"href":"https:\/\/elearning-mageco-conseils.com\/index.php\/wp-json\/wp\/v2\/types\/page"}],"author":[{"embeddable":true,"href":"https:\/\/elearning-mageco-conseils.com\/index.php\/wp-json\/wp\/v2\/users\/1"}],"replies":[{"embeddable":true,"href":"https:\/\/elearning-mageco-conseils.com\/index.php\/wp-json\/wp\/v2\/comments?post=324"}],"version-history":[{"count":16,"href":"https:\/\/elearning-mageco-conseils.com\/index.php\/wp-json\/wp\/v2\/pages\/324\/revisions"}],"predecessor-version":[{"id":25916,"href":"https:\/\/elearning-mageco-conseils.com\/index.php\/wp-json\/wp\/v2\/pages\/324\/revisions\/25916"}],"wp:attachment":[{"href":"https:\/\/elearning-mageco-conseils.com\/index.php\/wp-json\/wp\/v2\/media?parent=324"}],"curies":[{"name":"wp","href":"https:\/\/api.w.org\/{rel}","templated":true}]}}