{"id":26469,"date":"2022-04-21T10:31:32","date_gmt":"2022-04-21T06:01:32","guid":{"rendered":"https:\/\/elearning-mageco-conseils.com\/?page_id=26469"},"modified":"2022-04-21T16:06:27","modified_gmt":"2022-04-21T11:36:27","slug":"mentions-legales","status":"publish","type":"page","link":"https:\/\/elearning-mageco-conseils.com\/index.php\/mentions-legales\/","title":{"rendered":"Mentions l\u00e9gales"},"content":{"rendered":"\n<div class=\"wp-block-columns is-layout-flex wp-container-core-columns-is-layout-9d6595d7 wp-block-columns-is-layout-flex\">\n<div class=\"wp-block-column is-layout-flow wp-block-column-is-layout-flow\" style=\"flex-basis:100%\">\n<div class=\"wp-block-columns is-layout-flex wp-container-core-columns-is-layout-9d6595d7 wp-block-columns-is-layout-flex\">\n<div class=\"wp-block-column is-layout-flow wp-block-column-is-layout-flow\">\n<div class=\"wp-block-columns is-layout-flex wp-container-core-columns-is-layout-9d6595d7 wp-block-columns-is-layout-flex\">\n<div class=\"wp-block-column is-layout-flow wp-block-column-is-layout-flow\">\n<div class=\"wp-block-image\"><figure class=\"aligncenter size-full is-resized\"><img loading=\"lazy\" decoding=\"async\" src=\"http:\/\/elearning-mageco-conseils.com\/wp-content\/uploads\/2022\/04\/logo-region.jpg\" alt=\"\" class=\"wp-image-26473\" width=\"201\" height=\"94\" srcset=\"https:\/\/elearning-mageco-conseils.com\/wp-content\/uploads\/2022\/04\/logo-region.jpg 486w, https:\/\/elearning-mageco-conseils.com\/wp-content\/uploads\/2022\/04\/logo-region-300x142.jpg 300w\" sizes=\"auto, (max-width: 201px) 100vw, 201px\" \/><\/figure><\/div>\n<\/div>\n\n\n\n<div class=\"wp-block-column is-layout-flow wp-block-column-is-layout-flow\">\n<div class=\"wp-block-image\"><figure class=\"aligncenter size-large is-resized\"><img loading=\"lazy\" decoding=\"async\" src=\"http:\/\/elearning-mageco-conseils.com\/wp-content\/uploads\/2022\/04\/1-LOGO_EUROPE_COULEUR_UE-1024x774.jpg\" alt=\"\" class=\"wp-image-26474\" width=\"164\" height=\"124\" srcset=\"https:\/\/elearning-mageco-conseils.com\/wp-content\/uploads\/2022\/04\/1-LOGO_EUROPE_COULEUR_UE-1024x774.jpg 1024w, https:\/\/elearning-mageco-conseils.com\/wp-content\/uploads\/2022\/04\/1-LOGO_EUROPE_COULEUR_UE-300x227.jpg 300w, https:\/\/elearning-mageco-conseils.com\/wp-content\/uploads\/2022\/04\/1-LOGO_EUROPE_COULEUR_UE-768x581.jpg 768w, https:\/\/elearning-mageco-conseils.com\/wp-content\/uploads\/2022\/04\/1-LOGO_EUROPE_COULEUR_UE-600x454.jpg 600w, https:\/\/elearning-mageco-conseils.com\/wp-content\/uploads\/2022\/04\/1-LOGO_EUROPE_COULEUR_UE.jpg 1230w\" sizes=\"auto, (max-width: 164px) 100vw, 164px\" \/><\/figure><\/div>\n<\/div>\n<\/div>\n<\/div>\n\n\n\n<div class=\"wp-block-column is-layout-flow wp-block-column-is-layout-flow\">\n<p><strong>Ce site a \u00e9t\u00e9 financ\u00e9 \u00e0 l\u2019aide du FEDER dans le cadre de la r\u00e9ponse de l\u2019Union europ\u00e9enne \u00e0 la pand\u00e9mie COVID-19. L\u2019Europe s\u2019engage \u00e0 La R\u00e9union.<\/strong><\/p>\n<\/div>\n<\/div>\n<\/div>\n<\/div>\n\n\n\n<h4 class=\"wp-block-heading\">1. Informations L\u00e9gales<\/h4>\n\n\n\n<p>La d\u00e9nomination sociale de la soci\u00e9t\u00e9 \u00e9ditrice du site web www.elearning-mageco-conseils.com<\/p>\n\n\n\n<p>est la<strong>&nbsp;MICRO-ENTREPRISE ADELE BEGUE \u2013 MAGECO CONSEILS<\/strong>.<\/p>\n\n\n\n<p><strong>SIRET :&nbsp;<\/strong>884 275 734 00016<\/p>\n\n\n\n<p><strong>Code APE&nbsp;:<\/strong>&nbsp;7022Z<\/p>\n\n\n\n<p><strong>Si\u00e8ge social :<\/strong>&nbsp;232 RTE DE MONTGAILLARD \u2013 97400 SAINT DENIS \u2013 T\u00e9l&nbsp;:&nbsp;0692 102 795<\/p>\n\n\n\n<p><strong>Directrice de publication :<\/strong>&nbsp;Adele BEGUE<\/p>\n\n\n\n<p><strong>H\u00e9bergeur du site :<\/strong>\u00a0OVH &#8211; 2 rue Kellermann &#8211; 59100 Roubaix &#8211; France<\/p>\n\n\n\n<p><strong>Concepteur du site :<\/strong>\u00a0<a href=\"https:\/\/www.atria.run\/\">ATRIA<\/a><\/p>\n\n\n\n<h4 class=\"wp-block-heading\">2. Politiques de protection des donn\u00e9es personnelles<\/h4>\n\n\n\n<p>Les donn\u00e9es personnelles des utilisateurs peuvent \u00eatre collect\u00e9es d\u00e8s lors que l\u2019utilisateur contacte la soci\u00e9t\u00e9 pour toute demande d\u2019informations compl\u00e9mentaires.<\/p>\n\n\n\n<p>En vertu de l\u2019article 34 de la loi \u201cInformatique et Libert\u00e9s\u201d du 6 janvier 1978, tout utilisateur dispose d\u2019un droit d\u2019acc\u00e8s, de modification, de rectification et de suppression des donn\u00e9es qui le concernent.<\/p>\n\n\n\n<p>Conform\u00e9ment aux articles 39 et suivants de la loi n\u00b0 78-17 du 6 janvier 1978 modifi\u00e9e en 2004 relative \u00e0 l\u2019informatique, aux fichiers et aux libert\u00e9s, toute personne peut obtenir communication et, le cas \u00e9ch\u00e9ant, rectification ou suppression des informations la concernant par le biais du formulaire de contact disponible en ligne ou \u00e0 l\u2019adresse contact@mageco-conseils.com.<\/p>\n\n\n\n<p>Consultez&nbsp;<a href=\"https:\/\/mageco-conseils.com\/confidentialite\/\">notre politique de confidentialit\u00e9<\/a>&nbsp;pour plus d\u2019informations.<\/p>\n\n\n\n<h4 class=\"wp-block-heading\">3. Acc\u00e8s au contenu<\/h4>\n\n\n\n<p>L\u2019acc\u00e8s \u00e0 la plateforme en ligne de MAGECO Conseils est libre. Le fait d\u2019acc\u00e9der et de naviguer sur la plateforme constitue de la part de l\u2019utilisateur une acceptation sans r\u00e9serve des pr\u00e9sentes stipulations.<\/p>\n\n\n\n<p>MAGECO Conseils met tout en \u0153uvre pour offrir aux utilisateurs des informations ou des outils qui fonctionnement mais ne saurait \u00eatre tenu pour responsable d\u2019un d\u00e9faut d\u2019acc\u00e8s au site, en cas d\u2019indisponibilit\u00e9 de fonctionnalit\u00e9s ou encore de la pr\u00e9sence de virus.<\/p>\n\n\n\n<p>Le site MAGECO Conseils est accessible 24 heures sur 24 et 7 jours sur 7. L\u2019\u00e9diteur du site web ne saurait toutefois \u00eatre tenu pour responsable des discontinuit\u00e9s du site et de son service, volontaires ou non, notamment pour des raisons de maintenance.<\/p>\n\n\n\n<p>\u00c0 ce titre, la responsabilit\u00e9 de MAGECO Conseils ne saurait \u00eatre engag\u00e9e pour tous les inconv\u00e9nients ou dommages, directs ou indirects, quelle que soit leur nature, inh\u00e9rents \u00e0 l\u2019utilisation du r\u00e9seau internet, notamment une rupture du service, une intrusion ext\u00e9rieure ou la pr\u00e9sence de virus informatiques. Plus g\u00e9n\u00e9ralement MAGECO Conseils n\u2019assure aucune garantie, expresse ou tacite, concernant tout ou partie, du site.<\/p>\n\n\n\n<p>L\u2019utilisateur s\u2019engage \u00e0 ne commettre aucun acte pouvant mettre en cause la s\u00e9curit\u00e9 informatique du site internet ou du syst\u00e8me informatique, \u00e0 ne pas interf\u00e9rer dans le fonctionnement normal du site ou encore, \u00e0 visiter et utiliser le site en respectant les droits de MAGEO Conseils et les droits \u00e9ventuels de tout tiers.<\/p>\n\n\n\n<p>Les documents diffus\u00e9s par MAGECO Conseils sur ce site font l\u2019objet de nombreuses relectures. Ils peuvent toutefois contenir des erreurs. Tout utilisateur peut en informer la soci\u00e9t\u00e9 en la contactant par le bais du formulaire de contact.<\/p>\n\n\n\n<p>Les textes diffus\u00e9s peuvent par ailleurs avoir fait, entre le moment de leur t\u00e9l\u00e9chargement par l\u2019utilisateur et celui o\u00f9 l\u2019utilisateur en prend connaissance, l\u2019objet de mises \u00e0 jour.<\/p>\n\n\n\n<p>MAGECO Conseils ne garantit pas par suite en aucune mani\u00e8re que ces informations soient exactes, compl\u00e8tes et \u00e0 jour.<\/p>\n\n\n\n<h4 class=\"wp-block-heading\">4. Propri\u00e9t\u00e9 intellectuelle<\/h4>\n\n\n\n<p>L\u2019ensemble des \u00e9l\u00e9ments du site internet, notamment la structure, le contenu \u00e9ditorial, les \u00e9crits, les illustrations, photographies ou images, les sons et vid\u00e9os, etc. sont prot\u00e9g\u00e9s au titre de la propri\u00e9t\u00e9 intellectuelle pour la France et\/ou pour le monde entier.<\/p>\n\n\n\n<p>En outre, il est notamment rappel\u00e9 que la d\u00e9nomination \u00ab MAGECO Conseils \u00bb, ainsi que son slogan et son logo, sont constitutifs de marques d\u00e9pos\u00e9es. En cons\u00e9quence, il ne peut \u00eatre proc\u00e9d\u00e9 \u00e0 l\u2019utilisation ou \u00e0 la diffusion de l\u2019un quelconque de ces \u00e9l\u00e9ments, de quelque mani\u00e8re que ce soit, sans l\u2019autorisation pr\u00e9alable, expresse et \u00e9crite de MAGECO Conseils.<\/p>\n\n\n\n<p>Conform\u00e9ment aux dispositions du Code de la propri\u00e9t\u00e9 intellectuelle, seule la consultation des contenus pour un usage priv\u00e9 est autoris\u00e9e \u00e0 l\u2019exclusion de toute autre utilisation, sous r\u00e9serve de dispositions diff\u00e9rentes, voire plus restrictives, du Code de la propri\u00e9t\u00e9 intellectuelle.<\/p>\n\n\n\n<p>Sauf autorisation pr\u00e9alable, expresse et \u00e9crite de MAGECO Conseils et\/ou de tout autre ayant droit, toute autre utilisation ou reproduction totale ou partielle de ces \u00e9l\u00e9ments est constitutive de contrefa\u00e7on et sanctionn\u00e9e au titre de la propri\u00e9t\u00e9 intellectuelle.<\/p>\n\n\n\n<p>En cons\u00e9quence, l\u2019utilisateur s\u2019engage \u00e0 respecter d\u2019une mani\u00e8re g\u00e9n\u00e9rale les droits de la propri\u00e9t\u00e9 intellectuelle sur les divers contenus propos\u00e9s dans le cadre du Service, la responsabilit\u00e9 de MAGECO Conseils ne pouvant \u00eatre engag\u00e9e en tout \u00e9tat de cause du fait d\u2019une utilisation illicite des contenus mise \u00e0 la disposition de l\u2019utilisateur par MAGECO Conseils dans le cadre du site.<\/p>\n\n\n\n<p>A ce titre, l\u2019utilisateur est responsable de tout pr\u00e9judice direct ou indirect caus\u00e9 par son utilisation du site.<\/p>\n\n\n\n<p>Sauf autorisation pr\u00e9alable, expresse et \u00e9crite de MAGECO Conseils, les utilisateurs ne peuvent r\u00e9aliser les d\u00e9marches suivantes dans le cadre de leur utilisation et\/ou consultation du site, \u00e9tant pr\u00e9cis\u00e9 que la liste ci-dessous ne saurait \u00eatre consid\u00e9r\u00e9e comme exhaustive :<\/p>\n\n\n\n<ul class=\"wp-block-list\"><li>cr\u00e9er des fichiers d\u2019archives \u00e0 partir du contenu du site,<\/li><li>reproduire, repr\u00e9senter, utiliser, r\u00e9f\u00e9rencer tout ou partie des contenus, marques, logos, signes distinctifs du site ou de la soci\u00e9t\u00e9,<\/li><li>imiter le contenu du site \u00e0 des fins autres que priv\u00e9es.<\/li><\/ul>\n\n\n\n<p>En cas de non-respect de ces r\u00e8gles et usages, MAGECO Conseils se r\u00e9serve le droit d\u2019exclure l\u2019utilisateur contrevenant et, le cas \u00e9ch\u00e9ant, de mettre en \u0153uvre toutes proc\u00e9dures contentieuses pour obtenir r\u00e9paration des pr\u00e9judices subis.<\/p>\n\n\n\n<p>MAGECO Conseils ne pourra \u00eatre amen\u00e9e \u00e0 divulguer tout contenu et\/ou information pour se conformer aux lois en vigueur ou si, de bonne foi, MAGECO Conseils estime qu\u2019une telle mesure est n\u00e9cessaire, tel que dans le cadre d\u2019une proc\u00e9dure judiciaire, notamment pour r\u00e9pondre \u00e0 des plaintes et\/ou des revendications arguant de la violation des droits de tiers, pour prot\u00e9ger les droits ou les int\u00e9r\u00eats de MAGECO Conseils.<\/p>\n\n\n\n<h4 class=\"wp-block-heading\">CREDITS PHOTOS<\/h4>\n\n\n\n<p>\u00a9 Magali Garnier<\/p>\n\n\n\n<h4 class=\"wp-block-heading\">5. Utilisation des liens hypertextes<\/h4>\n\n\n\n<p>La cr\u00e9ation de liens hypertextes vers le site www.mageco-conseils.com est soumis \u00e0 l\u2019accord pr\u00e9alable de la Directrice de la Publication. Les liens hypertextes \u00e9tablis en direction d\u2019autres sites \u00e0 partir de www.mageco-conseils.com ne sauraient, en aucun cas, engager la responsabilit\u00e9 de l\u2019entreprise MAGECO Conseils.<\/p>\n\n\n\n<h4 class=\"wp-block-heading\">6. Droit applicable et comp\u00e9tence juridictionnelle<\/h4>\n\n\n\n<p>Les pr\u00e9sentes mentions l\u00e9gales sont r\u00e9gies par la loi fran\u00e7aise.<\/p>\n\n\n\n<p>Toute difficult\u00e9 d\u2019interpr\u00e9tation ou d\u2019ex\u00e9cution rel\u00e8vera exclusivement du Tribunal comp\u00e9tent du si\u00e8ge social de MAGECO Conseils.<\/p>\n\n\n\n<h4 class=\"wp-block-heading\">7. Modification des mentions l\u00e9gales<\/h4>\n\n\n\n<p>MAGECO Conseils se r\u00e9serve le droit de modifier et de mettre \u00e0 jour les pr\u00e9sentes mentions l\u00e9gales, sans information particuli\u00e8re de l\u2019utilisateur.<\/p>\n\n\n\n<p>L\u2019utilisateur est donc invit\u00e9 \u00e0 les consulter r\u00e9guli\u00e8rement.<\/p>\n","protected":false},"excerpt":{"rendered":"<p>Ce site a \u00e9t\u00e9 financ\u00e9 \u00e0 l\u2019aide du FEDER dans le cadre de la r\u00e9ponse de l\u2019Union europ\u00e9enne \u00e0 la pand\u00e9mie COVID-19. L\u2019Europe s\u2019engage \u00e0 La R\u00e9union. 1. Informations L\u00e9gales La d\u00e9nomination sociale de la soci\u00e9t\u00e9 \u00e9ditrice du site web www.elearning-mageco-conseils.com est la&nbsp;MICRO-ENTREPRISE ADELE BEGUE \u2013 MAGECO CONSEILS. SIRET :&nbsp;884 275 734 00016 Code APE&nbsp;:&nbsp;7022Z &hellip;<\/p>\n<p class=\"read-more\"> <a class=\"\" href=\"https:\/\/elearning-mageco-conseils.com\/index.php\/mentions-legales\/\"> <span class=\"screen-reader-text\">Mentions l\u00e9gales<\/span> Lire la suite\u00a0\u00bb<\/a><\/p>\n","protected":false},"author":3,"featured_media":0,"parent":0,"menu_order":0,"comment_status":"closed","ping_status":"closed","template":"","meta":{"site-sidebar-layout":"default","site-content-layout":"default","ast-main-header-display":"","ast-hfb-above-header-display":"","ast-hfb-below-header-display":"","ast-hfb-mobile-header-display":"","site-post-title":"","ast-breadcrumbs-content":"","ast-featured-img":"","footer-sml-layout":"","theme-transparent-header-meta":"","adv-header-id-meta":"","stick-header-meta":"","header-above-stick-meta":"","header-main-stick-meta":"","header-below-stick-meta":"","spay_email":"","footnotes":""},"class_list":["post-26469","page","type-page","status-publish","hentry"],"_links":{"self":[{"href":"https:\/\/elearning-mageco-conseils.com\/index.php\/wp-json\/wp\/v2\/pages\/26469","targetHints":{"allow":["GET"]}}],"collection":[{"href":"https:\/\/elearning-mageco-conseils.com\/index.php\/wp-json\/wp\/v2\/pages"}],"about":[{"href":"https:\/\/elearning-mageco-conseils.com\/index.php\/wp-json\/wp\/v2\/types\/page"}],"author":[{"embeddable":true,"href":"https:\/\/elearning-mageco-conseils.com\/index.php\/wp-json\/wp\/v2\/users\/3"}],"replies":[{"embeddable":true,"href":"https:\/\/elearning-mageco-conseils.com\/index.php\/wp-json\/wp\/v2\/comments?post=26469"}],"version-history":[{"count":4,"href":"https:\/\/elearning-mageco-conseils.com\/index.php\/wp-json\/wp\/v2\/pages\/26469\/revisions"}],"predecessor-version":[{"id":26580,"href":"https:\/\/elearning-mageco-conseils.com\/index.php\/wp-json\/wp\/v2\/pages\/26469\/revisions\/26580"}],"wp:attachment":[{"href":"https:\/\/elearning-mageco-conseils.com\/index.php\/wp-json\/wp\/v2\/media?parent=26469"}],"curies":[{"name":"wp","href":"https:\/\/api.w.org\/{rel}","templated":true}]}}