{"id":25359,"date":"2022-02-23T13:07:39","date_gmt":"2022-02-23T08:37:39","guid":{"rendered":"https:\/\/elearning-mageco-conseils.com\/?page_id=25359"},"modified":"2023-10-25T22:45:52","modified_gmt":"2023-10-25T18:45:52","slug":"bilan-de-competences","status":"publish","type":"page","link":"https:\/\/elearning-mageco-conseils.com\/index.php\/bilan-de-competences\/","title":{"rendered":"Bilan de comp\u00e9tences"},"content":{"rendered":"\t\t<div data-elementor-type=\"wp-page\" data-elementor-id=\"25359\" class=\"elementor elementor-25359\" data-elementor-settings=\"[]\">\n\t\t\t\t\t\t\t<div class=\"elementor-section-wrap\">\n\t\t\t\t\t\t\t<section class=\"elementor-section elementor-top-section elementor-element elementor-element-e8d9390 elementor-section-boxed elementor-section-height-default elementor-section-height-default\" data-id=\"e8d9390\" data-element_type=\"section\">\n\t\t\t\t\t\t<div class=\"elementor-container elementor-column-gap-default\">\n\t\t\t\t\t<div class=\"elementor-column elementor-col-100 elementor-top-column elementor-element elementor-element-be5567c\" data-id=\"be5567c\" data-element_type=\"column\">\n\t\t\t<div class=\"elementor-widget-wrap elementor-element-populated\">\n\t\t\t\t\t\t\t\t<div class=\"elementor-element elementor-element-79e1a350 elementor-widget elementor-widget-text-editor\" data-id=\"79e1a350\" data-element_type=\"widget\" data-widget_type=\"text-editor.default\">\n\t\t\t\t<div class=\"elementor-widget-container\">\n\t\t\t<style>\/*! elementor - v3.5.5 - 03-02-2022 *\/\n.elementor-widget-text-editor.elementor-drop-cap-view-stacked .elementor-drop-cap{background-color:#818a91;color:#fff}.elementor-widget-text-editor.elementor-drop-cap-view-framed .elementor-drop-cap{color:#818a91;border:3px solid;background-color:transparent}.elementor-widget-text-editor:not(.elementor-drop-cap-view-default) .elementor-drop-cap{margin-top:8px}.elementor-widget-text-editor:not(.elementor-drop-cap-view-default) .elementor-drop-cap-letter{width:1em;height:1em}.elementor-widget-text-editor .elementor-drop-cap{float:left;text-align:center;line-height:1;font-size:50px}.elementor-widget-text-editor .elementor-drop-cap-letter{display:inline-block}<\/style>\t\t\t\t<!-- wp:shortcode -->\n<p><div id=\"ld-course-list-content-caaec4f19894ddc6137d30b8a0f0f8a4\" class=\"ld-course-list-content\" data-shortcode-atts=\"{&quot;course_cat&quot;:&quot;38&quot;,&quot;col&quot;:&quot;3&quot;}\">\n\t\t\t<div class=\"ld-course-list-items row\">\n\t<!-- LearnDash Course Grid v1 --><div class=\"ld_course_grid col-sm-8 col-md-4 \">\n\t<article id=\"post-26481\" class=\" learndash-not-available learndash-incomplete thumbnail course post-26481 sfwd-courses type-sfwd-courses status-publish has-post-thumbnail hentry ld_course_category-bilan-de-competences\">\n\t\t\t\t\t\t\t\t<div class=\"ld_course_grid_price custom\">\n\t\t\t\t1790\u20ac\t\t\t<\/div>\n\t\t\t\n\t\t\t\t\t\t<a href=\"https:\/\/elearning-mageco-conseils.com\/index.php\/courses\/bilan-de-competences-soft-skills-24h\/\" rel=\"bookmark\">\n\t\t\t\t<img loading=\"lazy\" decoding=\"async\" width=\"1080\" height=\"721\" src=\"https:\/\/elearning-mageco-conseils.com\/wp-content\/uploads\/2022\/04\/bilan-de-competences.jpg\" class=\"attachment-course-thumb size-course-thumb wp-post-image\" alt=\"Bilan de comp\u00e9tences Soft Skills 24h\" srcset=\"https:\/\/elearning-mageco-conseils.com\/wp-content\/uploads\/2022\/04\/bilan-de-competences.jpg 1080w, https:\/\/elearning-mageco-conseils.com\/wp-content\/uploads\/2022\/04\/bilan-de-competences-300x200.jpg 300w, https:\/\/elearning-mageco-conseils.com\/wp-content\/uploads\/2022\/04\/bilan-de-competences-1024x684.jpg 1024w, https:\/\/elearning-mageco-conseils.com\/wp-content\/uploads\/2022\/04\/bilan-de-competences-768x513.jpg 768w, https:\/\/elearning-mageco-conseils.com\/wp-content\/uploads\/2022\/04\/bilan-de-competences-600x401.jpg 600w\" sizes=\"auto, (max-width: 1080px) 100vw, 1080px\" \/>\t\t\t<\/a>\n\t\t\t\t\t\n\t\t\t\t\t<div class=\"caption\">\n\t\t\t\t<h3 class=\"entry-title\">Bilan de Compet&#8217;\u2013 avec l\u2019outil ProcessCom\u00ae (24h)<\/h3>\n\t\t\t\t\t\t\t\t<div class=\"entry-content\">Faites le point sur votre carri\u00e8re, choisissez une nouvelle voie, orientez-vous vers ce qui vous passionne et bien plus encore.<\/div>\n\t\t\t\t\t\t\t\t<div class=\"ld_course_grid_button\"><a class=\"btn btn-primary\" role=\"button\" href=\"https:\/\/elearning-mageco-conseils.com\/index.php\/courses\/bilan-de-competences-soft-skills-24h\/\" rel=\"bookmark\">D\u00e9couvrir<\/a><\/div>\n\t\t\t\t\t\t\t<\/div><!-- .entry-header -->\n\t\t\t<\/article><!-- #post-## -->\n<\/div><!-- .ld_course_grid -->\n<!-- LearnDash Course Grid v1 --><div class=\"ld_course_grid col-sm-8 col-md-4 \">\n\t<article id=\"post-25307\" class=\" learndash-not-available learndash-incomplete thumbnail course post-25307 sfwd-courses type-sfwd-courses status-publish has-post-thumbnail hentry ld_course_category-bilan-de-competences\">\n\t\t\t\t\t\t\t\t<div class=\"ld_course_grid_price custom\">\n\t\t\t\t990\u20ac seulement !\t\t\t<\/div>\n\t\t\t\n\t\t\t\t\t\t<a href=\"https:\/\/elearning-mageco-conseils.com\/index.php\/courses\/bilan-de-competences-demandeur-emploi\/\" rel=\"bookmark\">\n\t\t\t\t<img loading=\"lazy\" decoding=\"async\" width=\"1024\" height=\"570\" src=\"https:\/\/elearning-mageco-conseils.com\/wp-content\/uploads\/2022\/02\/bilan-de-compe\u0301tences-demandeur-emploi.jpg\" class=\"attachment-course-thumb size-course-thumb wp-post-image\" alt=\"Bilan de comp\u00e9tences demandeur d&#039;emploi\" srcset=\"https:\/\/elearning-mageco-conseils.com\/wp-content\/uploads\/2022\/02\/bilan-de-compe\u0301tences-demandeur-emploi.jpg 1024w, https:\/\/elearning-mageco-conseils.com\/wp-content\/uploads\/2022\/02\/bilan-de-compe\u0301tences-demandeur-emploi-300x167.jpg 300w, https:\/\/elearning-mageco-conseils.com\/wp-content\/uploads\/2022\/02\/bilan-de-compe\u0301tences-demandeur-emploi-768x428.jpg 768w, https:\/\/elearning-mageco-conseils.com\/wp-content\/uploads\/2022\/02\/bilan-de-compe\u0301tences-demandeur-emploi-600x334.jpg 600w\" sizes=\"auto, (max-width: 1024px) 100vw, 1024px\" \/>\t\t\t<\/a>\n\t\t\t\t\t\n\t\t\t\t\t<div class=\"caption\">\n\t\t\t\t<h3 class=\"entry-title\">Bilan Next Level &#8211; Demandeur d&#8217;emploi (16h)<\/h3>\n\t\t\t\t\t\t\t\t<div class=\"entry-content\">Demandeurs d\u2019emploi, ce bilan de comp\u00e9tences a sp\u00e9cialement \u00e9t\u00e9 con\u00e7u pour vous et pour r\u00e9pondre \u00e0 vos besoins sp\u00e9cifiques.<\/div>\n\t\t\t\t\t\t\t\t<div class=\"ld_course_grid_button\"><a class=\"btn btn-primary\" role=\"button\" href=\"https:\/\/elearning-mageco-conseils.com\/index.php\/courses\/bilan-de-competences-demandeur-emploi\/\" rel=\"bookmark\">D\u00e9couvrir<\/a><\/div>\n\t\t\t\t\t\t\t<\/div><!-- .entry-header -->\n\t\t\t<\/article><!-- #post-## -->\n<\/div><!-- .ld_course_grid -->\n\t<\/div>\n\t\t\t<\/div>\n\t\t<\/p>\n<!-- \/wp:shortcode -->\t\t\t\t\t\t<\/div>\n\t\t\t\t<\/div>\n\t\t\t\t\t<\/div>\n\t\t<\/div>\n\t\t\t\t\t\t\t<\/div>\n\t\t<\/section>\n\t\t\t\t\t\t<\/div>\n\t\t\t\t\t<\/div>\n\t\t","protected":false},"excerpt":{"rendered":"","protected":false},"author":1,"featured_media":0,"parent":0,"menu_order":0,"comment_status":"closed","ping_status":"closed","template":"elementor_theme","meta":{"site-sidebar-layout":"no-sidebar","site-content-layout":"page-builder","ast-main-header-display":"","ast-hfb-above-header-display":"","ast-hfb-below-header-display":"","ast-hfb-mobile-header-display":"","site-post-title":"disabled","ast-breadcrumbs-content":"","ast-featured-img":"disabled","footer-sml-layout":"","theme-transparent-header-meta":"","adv-header-id-meta":"","stick-header-meta":"","header-above-stick-meta":"","header-main-stick-meta":"","header-below-stick-meta":"","spay_email":"","footnotes":""},"class_list":["post-25359","page","type-page","status-publish","hentry"],"_links":{"self":[{"href":"https:\/\/elearning-mageco-conseils.com\/index.php\/wp-json\/wp\/v2\/pages\/25359","targetHints":{"allow":["GET"]}}],"collection":[{"href":"https:\/\/elearning-mageco-conseils.com\/index.php\/wp-json\/wp\/v2\/pages"}],"about":[{"href":"https:\/\/elearning-mageco-conseils.com\/index.php\/wp-json\/wp\/v2\/types\/page"}],"author":[{"embeddable":true,"href":"https:\/\/elearning-mageco-conseils.com\/index.php\/wp-json\/wp\/v2\/users\/1"}],"replies":[{"embeddable":true,"href":"https:\/\/elearning-mageco-conseils.com\/index.php\/wp-json\/wp\/v2\/comments?post=25359"}],"version-history":[{"count":14,"href":"https:\/\/elearning-mageco-conseils.com\/index.php\/wp-json\/wp\/v2\/pages\/25359\/revisions"}],"predecessor-version":[{"id":28015,"href":"https:\/\/elearning-mageco-conseils.com\/index.php\/wp-json\/wp\/v2\/pages\/25359\/revisions\/28015"}],"wp:attachment":[{"href":"https:\/\/elearning-mageco-conseils.com\/index.php\/wp-json\/wp\/v2\/media?parent=25359"}],"curies":[{"name":"wp","href":"https:\/\/api.w.org\/{rel}","templated":true}]}}